{"id":217,"date":"2020-05-12T03:43:03","date_gmt":"2020-05-12T03:43:03","guid":{"rendered":"https:\/\/xn--kriptovalutkvilga-hpbe.com\/?page_id=217"},"modified":"2023-09-14T10:05:30","modified_gmt":"2023-09-14T10:05:30","slug":"home","status":"publish","type":"page","link":"https:\/\/xn--kriptovalutkvilga-hpbe.com\/","title":{"rendered":"itthon"},"content":{"rendered":"\n<div class=\"wp-block-uagb-container uagb-block-07933978 alignfull uagb-is-root-container\"><div class=\"uagb-container-inner-blocks-wrap\">\n<div class=\"wp-block-uagb-info-box uagb-block-425cc6b4 uagb-infobox__content-wrap  uagb-infobox-icon-above-title uagb-infobox-image-valign-top\"><div class=\"uagb-ifb-content\"><div class=\"uagb-ifb-title-wrap\"><span class=\"uagb-ifb-title-prefix\">kriptovalut\u00e1k vil\u00e1ga<br><br><\/span><h1 class=\"uagb-ifb-title\">Tanulj meg <br><br><br>kriptovalut\u00e1kba fektetni<br><\/h1><\/div><p class=\"uagb-ifb-desc\">Ismerje meg a befektet\u00e9s alapelveit, \u00e9s tudatosan l\u00e9pjen be a kriptovalut\u00e1k vil\u00e1g\u00e1ba. Tanuljon meg befektetni \u00e9s biztos\u00edtsa j\u00f6v\u0151j\u00e9t.<\/p><\/div><\/div>\n\n\n\n<div class=\"wp-block-uagb-buttons uagb-buttons__outer-wrap uagb-btn__default-btn uagb-btn-tablet__default-btn uagb-btn-mobile__default-btn uagb-block-d1a4c53b\"><div class=\"uagb-buttons__wrap uagb-buttons-layout-wrap\">\n<div class=\"wp-block-uagb-buttons-child uagb-buttons__outer-wrap uagb-block-b49ff6e8 wp-block-button\"><div class=\"uagb-button__wrapper\"><a class=\"uagb-buttons-repeater wp-block-button__link\" href=\"#\" onclick=\"return false;\" rel=\"follow noopener\" target=\"_self\"><div class=\"uagb-button__link\">Rendeljen csomagot<\/div><\/a><\/div><\/div>\n\n\n\n<div class=\"wp-block-uagb-buttons-child uagb-buttons__outer-wrap uagb-block-34aa6fc1 wp-block-button\"><div class=\"uagb-button__wrapper\"><a class=\"uagb-buttons-repeater wp-block-button__link\" href=\"#\" onclick=\"return false;\" rel=\"follow noopener\" target=\"_self\"><div class=\"uagb-button__link\">Rendeljen kriptob\u00e1ny\u00e1szt<\/div><\/a><\/div><\/div>\n<\/div><\/div>\n<\/div><\/div>\n\n\n\n<div class=\"wp-block-uagb-container uagb-block-f5f6dd76 alignfull uagb-is-root-container\"><div class=\"uagb-container-inner-blocks-wrap\">\n<div class=\"wp-block-uagb-container uagb-block-f0901f80\">\n<div class=\"wp-block-uagb-advanced-heading uagb-block-60f85146\"><h2 class=\"uagb-heading-text\">Tudom\u00e1ny<\/h2><\/div>\n<\/div>\n\n\n\n<div class=\"wp-block-uagb-container uagb-block-8bec022e\">\n<div class=\"wp-block-uagb-advanced-heading uagb-block-584e9656\"><h2 class=\"uagb-heading-text\">Gyakorlat<\/h2><\/div>\n<\/div>\n\n\n\n<div class=\"wp-block-uagb-container uagb-block-3730b25c\">\n<div class=\"wp-block-uagb-advanced-heading uagb-block-2fc154d2\"><h2 class=\"uagb-heading-text\">Tippek<\/h2><\/div>\n<\/div>\n<\/div><\/div>\n\n\n\n<div class=\"wp-block-uagb-container uagb-block-71f7405a alignfull uagb-is-root-container\"><div class=\"uagb-container-inner-blocks-wrap\">\n<div class=\"wp-block-uagb-container uagb-block-45404628\">\n<div class=\"wp-block-uagb-advanced-heading uagb-block-e669451d\"><h2 class=\"uagb-heading-text\">Amit csin\u00e1lunk \u2026<\/h2><\/div>\n<\/div>\n\n\n\n<div class=\"wp-block-uagb-container uagb-block-3aabc2a9\">\n<p>Olyan rajong\u00f3k csoportja vagyunk, akik \u00e9vek \u00f3ta fektetnek be kriptovalut\u00e1kba. Van olyan tud\u00e1sunk \u00e9s tapasztalatunk, amelyet meg akarunk osztani. Rem\u00e9lj\u00fck, hogy tud\u00e1sunk \u00e9s tan\u00e1csaink seg\u00edtenek meg\u00e9rteni a kriptovalut\u00e1kba t\u00f6rt\u00e9n\u0151 befektet\u00e9s alapelveit, hogy mindenki elkezdhesse az e-coinokba val\u00f3 befektet\u00e9st.<\/p>\n\n\n\n<p>A befektet\u00e9s nagyszer\u0171 m\u00f3dja annak, hogy fejl\u0151dj\u00f6n, tanuljon, megsokszorozza t\u0151k\u00e9j\u00e9t \u00e9s biztos\u00edtsa j\u00f6v\u0151j\u00e9t.<\/p>\n\n\n\n<p>Tanulj meg befektetni \u00e9s gondoskodni a j\u00f6v\u0151dr\u0151l;<\/p>\n\n\n\n<div class=\"wp-block-uagb-buttons uagb-buttons__outer-wrap uagb-btn__default-btn uagb-btn-tablet__default-btn uagb-btn-mobile__default-btn uagb-block-255a4bb3\"><div class=\"uagb-buttons__wrap uagb-buttons-layout-wrap\">\n<div class=\"wp-block-uagb-buttons-child uagb-buttons__outer-wrap uagb-block-27480850 wp-block-button\"><div class=\"uagb-button__wrapper\"><a class=\"uagb-buttons-repeater wp-block-button__link\" href=\"#\" onclick=\"return false;\" rel=\"follow noopener\" target=\"_self\"><div class=\"uagb-button__link\">Rendelje meg a term\u00e9ket<\/div><\/a><\/div><\/div>\n<\/div><\/div>\n<\/div>\n<\/div><\/div>\n\n\n\n<div class=\"wp-block-uagb-container uagb-block-737cf484 alignfull uagb-is-root-container\"><div class=\"uagb-container-inner-blocks-wrap\">\n<div class=\"wp-block-uagb-info-box uagb-block-a1136e67 uagb-infobox__content-wrap  uagb-infobox-icon-above-title uagb-infobox-image-valign-top\"><div class=\"uagb-ifb-content\"><div class=\"uagb-ifb-title-wrap\"><h2 class=\"uagb-ifb-title\">K\u00f6vess minket<\/h2><\/div><p class=\"uagb-ifb-desc\">K\u00f6vesse weboldalunkat, olvassa el anyagainkat, b\u0151v\u00edtse ismereteit, tanulja meg, hogyan fektessen be, fektessen be \u00e9s \u2026 gondoskodjon j\u00f6v\u0151j\u00e9r\u0151l;<\/p><div class=\"uagb-ifb-button-wrapper wp-block-button\"><a href=\"#\" class=\"uagb-infobox-cta-link wp-block-button__link\" target=\"_self\" rel=\"noopener noreferrer\" onclick=\"return false;\" alt=\"\"><span class=\"uagb-inline-editing\">Rendelje meg a term\u00e9ket<\/span><\/a><\/div><\/div><\/div>\n<\/div><\/div>\n\n\n\n<div class=\"wp-block-uagb-container uagb-block-4eb0a9d7 alignfull uagb-is-root-container\"><div class=\"uagb-container-inner-blocks-wrap\">\n<div class=\"wp-block-uagb-container uagb-block-769a4e64\">\n<div class=\"wp-block-uagb-container uagb-block-4fcd9043\">\n<div class=\"wp-block-uagb-image uagb-block-e49d137b wp-block-uagb-image--layout-default wp-block-uagb-image--effect-static wp-block-uagb-image--align-none\"><figure class=\"wp-block-uagb-image__figure\"><img decoding=\"async\" srcset=\"https:\/\/xn--kriptovalutkvilga-hpbe.com\/wp-content\/uploads\/2023\/09\/crypto-gcb0442769_1280-1024x682.jpg \" sizes=\"auto, (max-width: 480px) 150px\" src=\"https:\/\/xn--kriptovalutkvilga-hpbe.com\/wp-content\/uploads\/2023\/09\/crypto-gcb0442769_1280-1024x682.jpg\" alt=\"\" class=\"uag-image-905\" width=\"1024\" height=\"682\" title=\"\" loading=\"lazy\"\/><\/figure><\/div>\n<\/div>\n\n\n\n<div class=\"wp-block-uagb-container uagb-block-571db67e\">\n<div class=\"wp-block-uagb-image uagb-block-90b8c28e wp-block-uagb-image--layout-default wp-block-uagb-image--effect-static wp-block-uagb-image--align-none\"><figure class=\"wp-block-uagb-image__figure\"><img decoding=\"async\" srcset=\"https:\/\/xn--kriptovalutkvilga-hpbe.com\/wp-content\/uploads\/2023\/09\/crypto-regulation-gff3a68f38_1280-1024x682.jpg \" sizes=\"auto, (max-width: 480px) 150px\" src=\"https:\/\/xn--kriptovalutkvilga-hpbe.com\/wp-content\/uploads\/2023\/09\/crypto-regulation-gff3a68f38_1280-1024x682.jpg\" alt=\"\" class=\"uag-image-906\" width=\"1024\" height=\"682\" title=\"\" loading=\"lazy\"\/><\/figure><\/div>\n<\/div>\n\n\n\n<div class=\"wp-block-uagb-container uagb-block-6e893955\">\n<div class=\"wp-block-uagb-image uagb-block-f2754be9 wp-block-uagb-image--layout-default wp-block-uagb-image--effect-static wp-block-uagb-image--align-none\"><figure class=\"wp-block-uagb-image__figure\"><img decoding=\"async\" srcset=\"https:\/\/xn--kriptovalutkvilga-hpbe.com\/wp-content\/uploads\/2023\/09\/dreamstime_s_117620665.jpg \" sizes=\"auto, (max-width: 480px) 150px\" src=\"https:\/\/xn--kriptovalutkvilga-hpbe.com\/wp-content\/uploads\/2023\/09\/dreamstime_s_117620665.jpg\" alt=\"\" class=\"uag-image-907\" width=\"1024\" height=\"678\" title=\"\" loading=\"lazy\"\/><\/figure><\/div>\n<\/div>\n<\/div>\n\n\n\n<div class=\"wp-block-uagb-container uagb-block-c03734f3\">\n<div class=\"wp-block-uagb-container uagb-block-43990477\">\n<div class=\"wp-block-uagb-image uagb-block-2c20752a wp-block-uagb-image--layout-default wp-block-uagb-image--effect-static wp-block-uagb-image--align-none\"><figure class=\"wp-block-uagb-image__figure\"><img decoding=\"async\" srcset=\"https:\/\/xn--kriptovalutkvilga-hpbe.com\/wp-content\/uploads\/2023\/09\/8-1024x683.jpg \" sizes=\"auto, (max-width: 480px) 150px\" src=\"https:\/\/xn--kriptovalutkvilga-hpbe.com\/wp-content\/uploads\/2023\/09\/8-1024x683.jpg\" alt=\"\" class=\"uag-image-908\" width=\"1024\" height=\"683\" title=\"\" loading=\"lazy\"\/><\/figure><\/div>\n<\/div>\n\n\n\n<div class=\"wp-block-uagb-container uagb-block-e0e43824\">\n<div class=\"wp-block-uagb-image uagb-block-4ff2fd11 wp-block-uagb-image--layout-default wp-block-uagb-image--effect-static wp-block-uagb-image--align-none\"><figure class=\"wp-block-uagb-image__figure\"><img decoding=\"async\" srcset=\"https:\/\/xn--kriptovalutkvilga-hpbe.com\/wp-content\/uploads\/2023\/09\/bitcoin-2057405_1280-1024x682.jpg \" sizes=\"auto, (max-width: 480px) 150px\" src=\"https:\/\/xn--kriptovalutkvilga-hpbe.com\/wp-content\/uploads\/2023\/09\/bitcoin-2057405_1280-1024x682.jpg\" alt=\"\" class=\"uag-image-909\" width=\"1024\" height=\"682\" title=\"\" loading=\"lazy\"\/><\/figure><\/div>\n<\/div>\n\n\n\n<div class=\"wp-block-uagb-container uagb-block-3e9a6a96\">\n<div class=\"wp-block-uagb-image uagb-block-b58b1586 wp-block-uagb-image--layout-default wp-block-uagb-image--effect-static wp-block-uagb-image--align-none\"><figure class=\"wp-block-uagb-image__figure\"><img decoding=\"async\" srcset=\"https:\/\/xn--kriptovalutkvilga-hpbe.com\/wp-content\/uploads\/2023\/09\/crypto-6733767_1280-1024x682.jpg \" sizes=\"auto, (max-width: 480px) 150px\" src=\"https:\/\/xn--kriptovalutkvilga-hpbe.com\/wp-content\/uploads\/2023\/09\/crypto-6733767_1280-1024x682.jpg\" alt=\"\" class=\"uag-image-910\" width=\"1024\" height=\"682\" title=\"\" loading=\"lazy\"\/><\/figure><\/div>\n<\/div>\n<\/div>\n<\/div><\/div>\n","protected":false},"excerpt":{"rendered":"<p>Tudom\u00e1ny Gyakorlat Tippek Amit csin\u00e1lunk \u2026 Olyan rajong\u00f3k csoportja vagyunk, akik \u00e9vek \u00f3ta fektetnek be kriptovalut\u00e1kba. Van olyan tud\u00e1sunk \u00e9s tapasztalatunk, amelyet meg akarunk osztani. Rem\u00e9lj\u00fck, hogy tud\u00e1sunk \u00e9s tan\u00e1csaink seg\u00edtenek meg\u00e9rteni a kriptovalut\u00e1kba t\u00f6rt\u00e9n\u0151 befektet\u00e9s alapelveit, hogy mindenki elkezdhesse az e-coinokba val\u00f3 befektet\u00e9st. A befektet\u00e9s nagyszer\u0171 m\u00f3dja annak, hogy fejl\u0151dj\u00f6n, tanuljon, megsokszorozza t\u0151k\u00e9j\u00e9t \u00e9s [&hellip;]<\/p>\n","protected":false},"author":1,"featured_media":0,"parent":0,"menu_order":0,"comment_status":"closed","ping_status":"closed","template":"","meta":{"_uag_custom_page_level_css":"","site-sidebar-layout":"no-sidebar","site-content-layout":"plain-container","ast-site-content-layout":"normal-width-container","site-content-style":"unboxed","site-sidebar-style":"unboxed","ast-global-header-display":"","ast-banner-title-visibility":"","ast-main-header-display":"","ast-hfb-above-header-display":"","ast-hfb-below-header-display":"","ast-hfb-mobile-header-display":"","site-post-title":"disabled","ast-breadcrumbs-content":"","ast-featured-img":"disabled","footer-sml-layout":"","ast-disable-related-posts":"","theme-transparent-header-meta":"enabled","adv-header-id-meta":"","stick-header-meta":"","header-above-stick-meta":"","header-main-stick-meta":"","header-below-stick-meta":"","astra-migrate-meta-layouts":"set","ast-page-background-enabled":"default","ast-page-background-meta":{"desktop":{"background-color":"","background-image":"","background-repeat":"repeat","background-position":"center center","background-size":"auto","background-attachment":"scroll","background-type":"","background-media":"","overlay-type":"","overlay-color":"","overlay-opacity":"","overlay-gradient":""},"tablet":{"background-color":"","background-image":"","background-repeat":"repeat","background-position":"center center","background-size":"auto","background-attachment":"scroll","background-type":"","background-media":"","overlay-type":"","overlay-color":"","overlay-opacity":"","overlay-gradient":""},"mobile":{"background-color":"","background-image":"","background-repeat":"repeat","background-position":"center center","background-size":"auto","background-attachment":"scroll","background-type":"","background-media":"","overlay-type":"","overlay-color":"","overlay-opacity":"","overlay-gradient":""}},"ast-content-background-meta":{"desktop":{"background-color":"var(--ast-global-color-5)","background-image":"","background-repeat":"repeat","background-position":"center center","background-size":"auto","background-attachment":"scroll","background-type":"","background-media":"","overlay-type":"","overlay-color":"","overlay-opacity":"","overlay-gradient":""},"tablet":{"background-color":"var(--ast-global-color-5)","background-image":"","background-repeat":"repeat","background-position":"center center","background-size":"auto","background-attachment":"scroll","background-type":"","background-media":"","overlay-type":"","overlay-color":"","overlay-opacity":"","overlay-gradient":""},"mobile":{"background-color":"var(--ast-global-color-5)","background-image":"","background-repeat":"repeat","background-position":"center center","background-size":"auto","background-attachment":"scroll","background-type":"","background-media":"","overlay-type":"","overlay-color":"","overlay-opacity":"","overlay-gradient":""}},"footnotes":""},"class_list":["post-217","page","type-page","status-publish","hentry"],"yoast_head":"<!-- This site is optimized with the Yoast SEO plugin v27.5 - https:\/\/yoast.com\/product\/yoast-seo-wordpress\/ -->\n<title>kriptovalut\u00e1k vil\u00e1ga | Kriptovaluta port\u00e1l | Tanulj meg befektetni<\/title>\n<meta name=\"description\" content=\"kriptovalut\u00e1k vil\u00e1ga egy kriptovaluta port\u00e1l, ahol megosztjuk tud\u00e1sunkat a kriptovalut\u00e1kkal kapcsolatban. K\u00f6vess minket \u00e9s tanulj.\" \/>\n<meta name=\"robots\" content=\"index, follow, max-snippet:-1, max-image-preview:large, max-video-preview:-1\" \/>\n<link rel=\"canonical\" href=\"https:\/\/xn--kriptovalutkvilga-hpbe.com\/\" \/>\n<meta property=\"og:locale\" content=\"en_US\" \/>\n<meta property=\"og:type\" content=\"article\" \/>\n<meta property=\"og:title\" content=\"kriptovalut\u00e1k vil\u00e1ga | Kriptovaluta port\u00e1l | Tanulj meg befektetni\" \/>\n<meta property=\"og:description\" content=\"kriptovalut\u00e1k vil\u00e1ga egy kriptovaluta port\u00e1l, ahol megosztjuk tud\u00e1sunkat a kriptovalut\u00e1kkal kapcsolatban. K\u00f6vess minket \u00e9s tanulj.\" \/>\n<meta property=\"og:url\" content=\"https:\/\/xn--kriptovalutkvilga-hpbe.com\/\" \/>\n<meta property=\"og:site_name\" content=\"Just another WP site\" \/>\n<meta property=\"article:modified_time\" content=\"2023-09-14T10:05:30+00:00\" \/>\n<meta property=\"og:image\" content=\"https:\/\/xn--kriptovalutkvilga-hpbe.com\/wp-content\/uploads\/2023\/09\/crypto-gcb0442769_1280-1024x682.jpg\" \/>\n<meta name=\"twitter:card\" content=\"summary_large_image\" \/>\n<meta name=\"twitter:label1\" content=\"Est. reading time\" \/>\n\t<meta name=\"twitter:data1\" content=\"2 minutes\" \/>\n<script type=\"application\/ld+json\" class=\"yoast-schema-graph\">{\"@context\":\"https:\\\/\\\/schema.org\",\"@graph\":[{\"@type\":\"WebPage\",\"@id\":\"https:\\\/\\\/xn--kriptovalutkvilga-hpbe.com\\\/\",\"url\":\"https:\\\/\\\/xn--kriptovalutkvilga-hpbe.com\\\/\",\"name\":\"kriptovalut\u00e1k vil\u00e1ga | Kriptovaluta port\u00e1l | Tanulj meg befektetni\",\"isPartOf\":{\"@id\":\"https:\\\/\\\/xn--kriptovalutkvilga-hpbe.com\\\/#website\"},\"primaryImageOfPage\":{\"@id\":\"https:\\\/\\\/xn--kriptovalutkvilga-hpbe.com\\\/#primaryimage\"},\"image\":{\"@id\":\"https:\\\/\\\/xn--kriptovalutkvilga-hpbe.com\\\/#primaryimage\"},\"thumbnailUrl\":\"https:\\\/\\\/xn--kriptovalutkvilga-hpbe.com\\\/wp-content\\\/uploads\\\/2023\\\/09\\\/crypto-gcb0442769_1280-1024x682.jpg\",\"datePublished\":\"2020-05-12T03:43:03+00:00\",\"dateModified\":\"2023-09-14T10:05:30+00:00\",\"description\":\"kriptovalut\u00e1k vil\u00e1ga egy kriptovaluta port\u00e1l, ahol megosztjuk tud\u00e1sunkat a kriptovalut\u00e1kkal kapcsolatban. K\u00f6vess minket \u00e9s tanulj.\",\"breadcrumb\":{\"@id\":\"https:\\\/\\\/xn--kriptovalutkvilga-hpbe.com\\\/#breadcrumb\"},\"inLanguage\":\"en-US\",\"potentialAction\":[{\"@type\":\"ReadAction\",\"target\":[\"https:\\\/\\\/xn--kriptovalutkvilga-hpbe.com\\\/\"]}]},{\"@type\":\"ImageObject\",\"inLanguage\":\"en-US\",\"@id\":\"https:\\\/\\\/xn--kriptovalutkvilga-hpbe.com\\\/#primaryimage\",\"url\":\"https:\\\/\\\/xn--kriptovalutkvilga-hpbe.com\\\/wp-content\\\/uploads\\\/2023\\\/09\\\/crypto-gcb0442769_1280.jpg\",\"contentUrl\":\"https:\\\/\\\/xn--kriptovalutkvilga-hpbe.com\\\/wp-content\\\/uploads\\\/2023\\\/09\\\/crypto-gcb0442769_1280.jpg\",\"width\":1280,\"height\":853},{\"@type\":\"BreadcrumbList\",\"@id\":\"https:\\\/\\\/xn--kriptovalutkvilga-hpbe.com\\\/#breadcrumb\",\"itemListElement\":[{\"@type\":\"ListItem\",\"position\":1,\"name\":\"Home\",\"item\":\"https:\\\/\\\/xn--kriptovalutkvilga-hpbe.com\\\/\"},{\"@type\":\"ListItem\",\"position\":2,\"name\":\"itthon\"}]},{\"@type\":\"WebSite\",\"@id\":\"https:\\\/\\\/xn--kriptovalutkvilga-hpbe.com\\\/#website\",\"url\":\"https:\\\/\\\/xn--kriptovalutkvilga-hpbe.com\\\/\",\"name\":\"Just another WP site\",\"description\":\"\",\"publisher\":{\"@id\":\"https:\\\/\\\/xn--kriptovalutkvilga-hpbe.com\\\/#organization\"},\"potentialAction\":[{\"@type\":\"SearchAction\",\"target\":{\"@type\":\"EntryPoint\",\"urlTemplate\":\"https:\\\/\\\/xn--kriptovalutkvilga-hpbe.com\\\/?s={search_term_string}\"},\"query-input\":{\"@type\":\"PropertyValueSpecification\",\"valueRequired\":true,\"valueName\":\"search_term_string\"}}],\"inLanguage\":\"en-US\"},{\"@type\":\"Organization\",\"@id\":\"https:\\\/\\\/xn--kriptovalutkvilga-hpbe.com\\\/#organization\",\"name\":\"Just another WP site\",\"url\":\"https:\\\/\\\/xn--kriptovalutkvilga-hpbe.com\\\/\",\"logo\":{\"@type\":\"ImageObject\",\"inLanguage\":\"en-US\",\"@id\":\"https:\\\/\\\/xn--kriptovalutkvilga-hpbe.com\\\/#\\\/schema\\\/logo\\\/image\\\/\",\"url\":\"https:\\\/\\\/xn--kriptovalutkvilga-hpbe.com\\\/wp-content\\\/uploads\\\/2020\\\/04\\\/logo1-dark.png\",\"contentUrl\":\"https:\\\/\\\/xn--kriptovalutkvilga-hpbe.com\\\/wp-content\\\/uploads\\\/2020\\\/04\\\/logo1-dark.png\",\"width\":180,\"height\":46,\"caption\":\"Just another WP site\"},\"image\":{\"@id\":\"https:\\\/\\\/xn--kriptovalutkvilga-hpbe.com\\\/#\\\/schema\\\/logo\\\/image\\\/\"}}]}<\/script>\n<!-- \/ Yoast SEO plugin. -->","yoast_head_json":{"title":"kriptovalut\u00e1k vil\u00e1ga | Kriptovaluta port\u00e1l | Tanulj meg befektetni","description":"kriptovalut\u00e1k vil\u00e1ga egy kriptovaluta port\u00e1l, ahol megosztjuk tud\u00e1sunkat a kriptovalut\u00e1kkal kapcsolatban. K\u00f6vess minket \u00e9s tanulj.","robots":{"index":"index","follow":"follow","max-snippet":"max-snippet:-1","max-image-preview":"max-image-preview:large","max-video-preview":"max-video-preview:-1"},"canonical":"https:\/\/xn--kriptovalutkvilga-hpbe.com\/","og_locale":"en_US","og_type":"article","og_title":"kriptovalut\u00e1k vil\u00e1ga | Kriptovaluta port\u00e1l | Tanulj meg befektetni","og_description":"kriptovalut\u00e1k vil\u00e1ga egy kriptovaluta port\u00e1l, ahol megosztjuk tud\u00e1sunkat a kriptovalut\u00e1kkal kapcsolatban. K\u00f6vess minket \u00e9s tanulj.","og_url":"https:\/\/xn--kriptovalutkvilga-hpbe.com\/","og_site_name":"Just another WP site","article_modified_time":"2023-09-14T10:05:30+00:00","og_image":[{"url":"https:\/\/xn--kriptovalutkvilga-hpbe.com\/wp-content\/uploads\/2023\/09\/crypto-gcb0442769_1280-1024x682.jpg","type":"","width":"","height":""}],"twitter_card":"summary_large_image","twitter_misc":{"Est. reading time":"2 minutes"},"schema":{"@context":"https:\/\/schema.org","@graph":[{"@type":"WebPage","@id":"https:\/\/xn--kriptovalutkvilga-hpbe.com\/","url":"https:\/\/xn--kriptovalutkvilga-hpbe.com\/","name":"kriptovalut\u00e1k vil\u00e1ga | Kriptovaluta port\u00e1l | Tanulj meg befektetni","isPartOf":{"@id":"https:\/\/xn--kriptovalutkvilga-hpbe.com\/#website"},"primaryImageOfPage":{"@id":"https:\/\/xn--kriptovalutkvilga-hpbe.com\/#primaryimage"},"image":{"@id":"https:\/\/xn--kriptovalutkvilga-hpbe.com\/#primaryimage"},"thumbnailUrl":"https:\/\/xn--kriptovalutkvilga-hpbe.com\/wp-content\/uploads\/2023\/09\/crypto-gcb0442769_1280-1024x682.jpg","datePublished":"2020-05-12T03:43:03+00:00","dateModified":"2023-09-14T10:05:30+00:00","description":"kriptovalut\u00e1k vil\u00e1ga egy kriptovaluta port\u00e1l, ahol megosztjuk tud\u00e1sunkat a kriptovalut\u00e1kkal kapcsolatban. K\u00f6vess minket \u00e9s tanulj.","breadcrumb":{"@id":"https:\/\/xn--kriptovalutkvilga-hpbe.com\/#breadcrumb"},"inLanguage":"en-US","potentialAction":[{"@type":"ReadAction","target":["https:\/\/xn--kriptovalutkvilga-hpbe.com\/"]}]},{"@type":"ImageObject","inLanguage":"en-US","@id":"https:\/\/xn--kriptovalutkvilga-hpbe.com\/#primaryimage","url":"https:\/\/xn--kriptovalutkvilga-hpbe.com\/wp-content\/uploads\/2023\/09\/crypto-gcb0442769_1280.jpg","contentUrl":"https:\/\/xn--kriptovalutkvilga-hpbe.com\/wp-content\/uploads\/2023\/09\/crypto-gcb0442769_1280.jpg","width":1280,"height":853},{"@type":"BreadcrumbList","@id":"https:\/\/xn--kriptovalutkvilga-hpbe.com\/#breadcrumb","itemListElement":[{"@type":"ListItem","position":1,"name":"Home","item":"https:\/\/xn--kriptovalutkvilga-hpbe.com\/"},{"@type":"ListItem","position":2,"name":"itthon"}]},{"@type":"WebSite","@id":"https:\/\/xn--kriptovalutkvilga-hpbe.com\/#website","url":"https:\/\/xn--kriptovalutkvilga-hpbe.com\/","name":"Just another WP site","description":"","publisher":{"@id":"https:\/\/xn--kriptovalutkvilga-hpbe.com\/#organization"},"potentialAction":[{"@type":"SearchAction","target":{"@type":"EntryPoint","urlTemplate":"https:\/\/xn--kriptovalutkvilga-hpbe.com\/?s={search_term_string}"},"query-input":{"@type":"PropertyValueSpecification","valueRequired":true,"valueName":"search_term_string"}}],"inLanguage":"en-US"},{"@type":"Organization","@id":"https:\/\/xn--kriptovalutkvilga-hpbe.com\/#organization","name":"Just another WP site","url":"https:\/\/xn--kriptovalutkvilga-hpbe.com\/","logo":{"@type":"ImageObject","inLanguage":"en-US","@id":"https:\/\/xn--kriptovalutkvilga-hpbe.com\/#\/schema\/logo\/image\/","url":"https:\/\/xn--kriptovalutkvilga-hpbe.com\/wp-content\/uploads\/2020\/04\/logo1-dark.png","contentUrl":"https:\/\/xn--kriptovalutkvilga-hpbe.com\/wp-content\/uploads\/2020\/04\/logo1-dark.png","width":180,"height":46,"caption":"Just another WP site"},"image":{"@id":"https:\/\/xn--kriptovalutkvilga-hpbe.com\/#\/schema\/logo\/image\/"}}]}},"uagb_featured_image_src":{"full":false,"thumbnail":false,"medium":false,"medium_large":false,"large":false,"1536x1536":false,"2048x2048":false},"uagb_author_info":{"display_name":"admin","author_link":"https:\/\/xn--kriptovalutkvilga-hpbe.com\/?author=1"},"uagb_comment_info":0,"uagb_excerpt":"Tudom\u00e1ny Gyakorlat Tippek Amit csin\u00e1lunk \u2026 Olyan rajong\u00f3k csoportja vagyunk, akik \u00e9vek \u00f3ta fektetnek be kriptovalut\u00e1kba. Van olyan tud\u00e1sunk \u00e9s tapasztalatunk, amelyet meg akarunk osztani. Rem\u00e9lj\u00fck, hogy tud\u00e1sunk \u00e9s tan\u00e1csaink seg\u00edtenek meg\u00e9rteni a kriptovalut\u00e1kba t\u00f6rt\u00e9n\u0151 befektet\u00e9s alapelveit, hogy mindenki elkezdhesse az e-coinokba val\u00f3 befektet\u00e9st. A befektet\u00e9s nagyszer\u0171 m\u00f3dja annak, hogy fejl\u0151dj\u00f6n, tanuljon, megsokszorozza t\u0151k\u00e9j\u00e9t \u00e9s&hellip;","_links":{"self":[{"href":"https:\/\/xn--kriptovalutkvilga-hpbe.com\/index.php?rest_route=\/wp\/v2\/pages\/217","targetHints":{"allow":["GET"]}}],"collection":[{"href":"https:\/\/xn--kriptovalutkvilga-hpbe.com\/index.php?rest_route=\/wp\/v2\/pages"}],"about":[{"href":"https:\/\/xn--kriptovalutkvilga-hpbe.com\/index.php?rest_route=\/wp\/v2\/types\/page"}],"author":[{"embeddable":true,"href":"https:\/\/xn--kriptovalutkvilga-hpbe.com\/index.php?rest_route=\/wp\/v2\/users\/1"}],"replies":[{"embeddable":true,"href":"https:\/\/xn--kriptovalutkvilga-hpbe.com\/index.php?rest_route=%2Fwp%2Fv2%2Fcomments&post=217"}],"version-history":[{"count":5,"href":"https:\/\/xn--kriptovalutkvilga-hpbe.com\/index.php?rest_route=\/wp\/v2\/pages\/217\/revisions"}],"predecessor-version":[{"id":919,"href":"https:\/\/xn--kriptovalutkvilga-hpbe.com\/index.php?rest_route=\/wp\/v2\/pages\/217\/revisions\/919"}],"wp:attachment":[{"href":"https:\/\/xn--kriptovalutkvilga-hpbe.com\/index.php?rest_route=%2Fwp%2Fv2%2Fmedia&parent=217"}],"curies":[{"name":"wp","href":"https:\/\/api.w.org\/{rel}","templated":true}]}}